{"id":35,"date":"2015-10-25T23:04:41","date_gmt":"2015-10-25T23:04:41","guid":{"rendered":"http:\/\/dev.parkwestcasinocordova.com\/?page_id=35"},"modified":"2016-02-23T21:09:05","modified_gmt":"2016-02-23T21:09:05","slug":"contact","status":"publish","type":"page","link":"https:\/\/parkwestcasinocordova.com\/vi\/dining\/contact\/","title":{"rendered":"Ti\u1ebfp x\u00fac"},"content":{"rendered":"<p>\u0110\u1ec3 \u0111\u1eb7t ph\u00f2ng v\u00e0 \/ ho\u1eb7c \u0111\u1ec3 \u0111\u1eb7t h\u00e0ng \u0111\u01b0a ra, xin vui l\u00f2ng g\u1ecdi: <a href=\"tel:+19162937470\">(916) 293 &#8211; 7470<\/a>.<\/p>\n<p>T\u1ea1i The Lodge Restaurant, ch\u00fang t\u00f4i c\u1ed1 g\u1eafng \u0111\u1ec3 \u0111\u1ea3m b\u1ea3o r\u1eb1ng kinh nghi\u1ec7m c\u1ee7a b\u1ea1n v\u1edbi nh\u00e0 h\u00e0ng c\u1ee7a ch\u00fang t\u00f4i l\u00e0 m\u1ed9t n\u0103m tuy\u1ec7t v\u1eddi. Ch\u00fang t\u00f4i th\u1ef1c s\u1ef1 \u0111\u00e1nh gi\u00e1 cao c\u00e2u h\u1ecfi c\u1ee7a b\u1ea1n, m\u1ed1i quan t\u00e2m, v\u00e0 \u00fd ki\u1ebfn.<\/p>","protected":false},"excerpt":{"rendered":"<p>\u0110\u1ec3 \u0111\u1eb7t ph\u00f2ng v\u00e0 \/ ho\u1eb7c \u0111\u1ec3 \u0111\u1eb7t h\u00e0ng \u0111\u01b0a ra, xin vui l\u00f2ng g\u1ecdi: (916) 293 &#8211; 7470. T\u1ea1i The Lodge Restaurant, ch\u00fang t\u00f4i c\u1ed1 g\u1eafng \u0111\u1ec3 \u0111\u1ea3m b\u1ea3o r\u1eb1ng kinh nghi\u1ec7m c\u1ee7a b\u1ea1n v\u1edbi nh\u00e0 h\u00e0ng c\u1ee7a ch\u00fang t\u00f4i l\u00e0 m\u1ed9t n\u0103m tuy\u1ec7t v\u1eddi. Ch\u00fang t\u00f4i th\u1ef1c s\u1ef1 \u0111\u00e1nh gi\u00e1 cao c\u00e2u h\u1ecfi [&hellip;]<\/p>\n","protected":false},"author":1,"featured_media":0,"parent":21,"menu_order":0,"comment_status":"closed","ping_status":"closed","template":"","meta":{"_mi_skip_tracking":false,"_monsterinsights_sitenote_active":false,"_monsterinsights_sitenote_note":"","_monsterinsights_sitenote_category":0},"_links":{"self":[{"href":"https:\/\/parkwestcasinocordova.com\/vi\/wp-json\/wp\/v2\/pages\/35"}],"collection":[{"href":"https:\/\/parkwestcasinocordova.com\/vi\/wp-json\/wp\/v2\/pages"}],"about":[{"href":"https:\/\/parkwestcasinocordova.com\/vi\/wp-json\/wp\/v2\/types\/page"}],"author":[{"embeddable":true,"href":"https:\/\/parkwestcasinocordova.com\/vi\/wp-json\/wp\/v2\/users\/1"}],"replies":[{"embeddable":true,"href":"https:\/\/parkwestcasinocordova.com\/vi\/wp-json\/wp\/v2\/comments?post=35"}],"version-history":[{"count":6,"href":"https:\/\/parkwestcasinocordova.com\/vi\/wp-json\/wp\/v2\/pages\/35\/revisions"}],"predecessor-version":[{"id":162,"href":"https:\/\/parkwestcasinocordova.com\/vi\/wp-json\/wp\/v2\/pages\/35\/revisions\/162"}],"up":[{"embeddable":true,"href":"https:\/\/parkwestcasinocordova.com\/vi\/wp-json\/wp\/v2\/pages\/21"}],"wp:attachment":[{"href":"https:\/\/parkwestcasinocordova.com\/vi\/wp-json\/wp\/v2\/media?parent=35"}],"curies":[{"name":"wp","href":"https:\/\/api.w.org\/{rel}","templated":true}]}}