{"id":23,"date":"2015-10-25T22:34:13","date_gmt":"2015-10-25T22:34:13","guid":{"rendered":"http:\/\/dev.parkwestcasinocordova.com\/?page_id=23"},"modified":"2025-07-28T17:56:45","modified_gmt":"2025-07-28T17:56:45","slug":"contact-us","status":"publish","type":"page","link":"https:\/\/parkwestcasinocordova.com\/vi\/casino\/contact-us\/","title":{"rendered":"Li\u00ean h\u1ec7 ch\u00fang t\u00f4i"},"content":{"rendered":"<p>T\u1ea1i Parkwest Casino Cordova, ch\u00fang t\u00f4i c\u1ed1 g\u1eafng \u0111\u1ec3 \u0111\u1ea3m b\u1ea3o r\u1eb1ng kinh nghi\u1ec7m c\u1ee7a b\u1ea1n v\u1edbi s\u00f2ng b\u1ea1c v\u00e0 nh\u00e0 h\u00e0ng c\u1ee7a ch\u00fang t\u00f4i l\u00e0 m\u1ed9t n\u0103m tuy\u1ec7t v\u1eddi. Ch\u00fang t\u00f4i th\u1ef1c s\u1ef1 \u0111\u00e1nh gi\u00e1 cao c\u00e2u h\u1ecfi c\u1ee7a b\u1ea1n, m\u1ed1i quan t\u00e2m, v\u00e0 \u00fd ki\u1ebfn.T\u1ea1i Parkwest Casino Cordova, ch\u00fang t\u00f4i c\u1ed1 g\u1eafng \u0111\u1ec3 \u0111\u1ea3m b\u1ea3o r\u1eb1ng kinh nghi\u1ec7m c\u1ee7a b\u1ea1n v\u1edbi s\u00f2ng b\u1ea1c v\u00e0 nh\u00e0 h\u00e0ng c\u1ee7a ch\u00fang t\u00f4i l\u00e0 m\u1ed9t n\u0103m tuy\u1ec7t v\u1eddi. Ch\u00fang t\u00f4i th\u1ef1c s\u1ef1 \u0111\u00e1nh gi\u00e1 cao c\u00e2u h\u1ecfi c\u1ee7a b\u1ea1n, m\u1ed1i quan t\u00e2m, v\u00e0 \u00fd ki\u1ebfn.<\/p>","protected":false},"excerpt":{"rendered":"<p>T\u1ea1i Parkwest Casino Cordova, ch\u00fang t\u00f4i c\u1ed1 g\u1eafng \u0111\u1ec3 \u0111\u1ea3m b\u1ea3o r\u1eb1ng kinh nghi\u1ec7m c\u1ee7a b\u1ea1n v\u1edbi s\u00f2ng b\u1ea1c v\u00e0 nh\u00e0 h\u00e0ng c\u1ee7a ch\u00fang t\u00f4i l\u00e0 m\u1ed9t n\u0103m tuy\u1ec7t v\u1eddi. Ch\u00fang t\u00f4i th\u1ef1c s\u1ef1 \u0111\u00e1nh gi\u00e1 cao c\u00e2u h\u1ecfi c\u1ee7a b\u1ea1n, m\u1ed1i quan t\u00e2m, v\u00e0 \u00fd ki\u1ebfn.T\u1ea1i Parkwest Casino Cordova, ch\u00fang t\u00f4i c\u1ed1 g\u1eafng \u0111\u1ec3 [&hellip;]<\/p>\n","protected":false},"author":1,"featured_media":0,"parent":12,"menu_order":0,"comment_status":"closed","ping_status":"closed","template":"","meta":{"_mi_skip_tracking":false,"_monsterinsights_sitenote_active":false,"_monsterinsights_sitenote_note":"","_monsterinsights_sitenote_category":0},"_links":{"self":[{"href":"https:\/\/parkwestcasinocordova.com\/vi\/wp-json\/wp\/v2\/pages\/23"}],"collection":[{"href":"https:\/\/parkwestcasinocordova.com\/vi\/wp-json\/wp\/v2\/pages"}],"about":[{"href":"https:\/\/parkwestcasinocordova.com\/vi\/wp-json\/wp\/v2\/types\/page"}],"author":[{"embeddable":true,"href":"https:\/\/parkwestcasinocordova.com\/vi\/wp-json\/wp\/v2\/users\/1"}],"replies":[{"embeddable":true,"href":"https:\/\/parkwestcasinocordova.com\/vi\/wp-json\/wp\/v2\/comments?post=23"}],"version-history":[{"count":26,"href":"https:\/\/parkwestcasinocordova.com\/vi\/wp-json\/wp\/v2\/pages\/23\/revisions"}],"predecessor-version":[{"id":1044,"href":"https:\/\/parkwestcasinocordova.com\/vi\/wp-json\/wp\/v2\/pages\/23\/revisions\/1044"}],"up":[{"embeddable":true,"href":"https:\/\/parkwestcasinocordova.com\/vi\/wp-json\/wp\/v2\/pages\/12"}],"wp:attachment":[{"href":"https:\/\/parkwestcasinocordova.com\/vi\/wp-json\/wp\/v2\/media?parent=23"}],"curies":[{"name":"wp","href":"https:\/\/api.w.org\/{rel}","templated":true}]}}