{"id":21,"date":"2015-10-25T22:31:50","date_gmt":"2015-10-25T22:31:50","guid":{"rendered":"http:\/\/dev.parkwestcasinocordova.com\/?page_id=21"},"modified":"2016-04-03T21:49:41","modified_gmt":"2016-04-03T21:49:41","slug":"dining","status":"publish","type":"page","link":"https:\/\/parkwestcasinocordova.com\/vi\/dining\/","title":{"rendered":"\u0103n"},"content":{"rendered":"<p>The Lodge l\u00e0 m\u1ed9t nh\u00e0 h\u00e0ng hi\u1ec7n \u0111\u1ea1i v\u00e0 qu\u1ea7y bar ph\u1ee5c v\u1ee5 c\u00e1c lo\u1ea1i bia th\u1ee7 c\u00f4ng, cocktail v\u00e0 r\u01b0\u1ee3u vang, v\u00e0 c\u00e1c m\u00f3n \u0103n c\u1ed5 \u0111i\u1ec3n c\u1ee7a M\u1ef9. Cung c\u1ea5p nhi\u1ec1u l\u1ef1a ch\u1ecdn c\u00e1c lo\u1ea1i bia th\u1ee7 c\u00f4ng v\u00e0 m\u1ed9t n\u1ed9i th\u1ea5t tho\u1ea3i m\u00e1i, kh\u00e1ch l\u00e0m cho Lodge ch\u1ed7 h\u1ecd y\u00eau th\u00edch \u0111\u1ecba ph\u01b0\u01a1ng \u0111\u1ec3 \u0111\u00e1p \u1ee9ng v\u1edbi b\u1ea1n b\u00e8, th\u00e1o sau khi l\u00e0m vi\u1ec7c, v\u00e0 \u0111i\u1ec1u ch\u1ec9nh trong c\u00e1c s\u1ef1 ki\u1ec7n th\u1ec3 thao th\u00fa v\u1ecb. C\u00e1c d\u1ecbch v\u1ee5 th\u00e2n thi\u1ec7n v\u00e0 ph\u00f2ng l\u1edbn, bao g\u1ed3m m\u1ed9t ph\u00f2ng ti\u1ec7c, l\u00e0m cho Lodge m\u1ed9t nh\u00e0 h\u00e0ng tuy\u1ec7t v\u1eddi cho b\u1eefa \u0103n kinh doanh, c\u00e1c s\u1ef1 ki\u1ec7n, c\u00e1c b\u1eefa \u0103n cho c\u1ea3 gia \u0111\u00ecnh th\u01b0\u1edfng th\u1ee9c. V\u1edbi s\u1ef1 quan t\u00e2m \u0111\u1ebfn tinh t\u1ebf, d\u1ecbch v\u1ee5, v\u00e0 c\u00e1c m\u00f3n \u0103n ch\u1ea5t l\u01b0\u1ee3ng, c\u00e1c Lodge gi\u1edbi thi\u1ec7u m\u1ed9t ti\u00eau chu\u1ea9n m\u1edbi cho \u0103n \u0111\u1ecba ph\u01b0\u01a1ng trong khu v\u1ef1c Sacramento.<\/p>","protected":false},"excerpt":{"rendered":"<p>The Lodge l\u00e0 m\u1ed9t nh\u00e0 h\u00e0ng hi\u1ec7n \u0111\u1ea1i v\u00e0 qu\u1ea7y bar ph\u1ee5c v\u1ee5 c\u00e1c lo\u1ea1i bia th\u1ee7 c\u00f4ng, cocktail v\u00e0 r\u01b0\u1ee3u vang, v\u00e0 c\u00e1c m\u00f3n \u0103n c\u1ed5 \u0111i\u1ec3n c\u1ee7a M\u1ef9. Cung c\u1ea5p nhi\u1ec1u l\u1ef1a ch\u1ecdn c\u00e1c lo\u1ea1i bia th\u1ee7 c\u00f4ng v\u00e0 m\u1ed9t n\u1ed9i th\u1ea5t tho\u1ea3i m\u00e1i, kh\u00e1ch l\u00e0m cho Lodge ch\u1ed7 h\u1ecd y\u00eau th\u00edch \u0111\u1ecba [&hellip;]<\/p>\n","protected":false},"author":1,"featured_media":0,"parent":0,"menu_order":0,"comment_status":"closed","ping_status":"closed","template":"","meta":{"_mi_skip_tracking":false,"_monsterinsights_sitenote_active":false,"_monsterinsights_sitenote_note":"","_monsterinsights_sitenote_category":0},"_links":{"self":[{"href":"https:\/\/parkwestcasinocordova.com\/vi\/wp-json\/wp\/v2\/pages\/21"}],"collection":[{"href":"https:\/\/parkwestcasinocordova.com\/vi\/wp-json\/wp\/v2\/pages"}],"about":[{"href":"https:\/\/parkwestcasinocordova.com\/vi\/wp-json\/wp\/v2\/types\/page"}],"author":[{"embeddable":true,"href":"https:\/\/parkwestcasinocordova.com\/vi\/wp-json\/wp\/v2\/users\/1"}],"replies":[{"embeddable":true,"href":"https:\/\/parkwestcasinocordova.com\/vi\/wp-json\/wp\/v2\/comments?post=21"}],"version-history":[{"count":3,"href":"https:\/\/parkwestcasinocordova.com\/vi\/wp-json\/wp\/v2\/pages\/21\/revisions"}],"predecessor-version":[{"id":222,"href":"https:\/\/parkwestcasinocordova.com\/vi\/wp-json\/wp\/v2\/pages\/21\/revisions\/222"}],"wp:attachment":[{"href":"https:\/\/parkwestcasinocordova.com\/vi\/wp-json\/wp\/v2\/media?parent=21"}],"curies":[{"name":"wp","href":"https:\/\/api.w.org\/{rel}","templated":true}]}}