{"id":12,"date":"2015-10-25T20:48:11","date_gmt":"2015-10-25T20:48:11","guid":{"rendered":"http:\/\/dev.parkwestcasinocordova.com\/?page_id=12"},"modified":"2018-05-29T19:03:21","modified_gmt":"2018-05-29T19:03:21","slug":"casino","status":"publish","type":"page","link":"https:\/\/parkwestcasinocordova.com\/vi\/casino\/","title":{"rendered":"S\u00f2ng b\u1ea1c"},"content":{"rendered":"<p>V\u1edbi m\u1ed9t phong c\u00e1ch trang tr\u00ed th\u1eddi trang, nh\u00e0 n\u01b0\u1edbc c\u1ee7a c\u00e1c c\u01a1 s\u1edf ngh\u1ec7 thu\u1eadt, v\u00e0 c\u00e1c tr\u00f2 ch\u01a1i cao c\u1ea5p, Parkwest Casino Cordova ch\u1ee5p s\u1ef1 suy \u0111\u1ed3i c\u1ee7a game Las Vegas trong khu v\u1ef1c Sacramento. Parkwest Casino Cordova cung c\u1ea5p Kh\u00f4ng Ph\u00ed Ch\u01a1i game tr\u00f2 ch\u01a1i California ph\u1ed5 bi\u1ebfn bao g\u1ed3m Baccarat, Blackjack, v\u00e0 3 Card Poker. H\u00e3y \u0111\u1ebfn ch\u01a1i tr\u00f2 ch\u01a1i b\u1ea3ng y\u00eau th\u00edch c\u1ee7a b\u1ea1n m\u00e0 kh\u00f4ng c\u00f3 ti\u1ebfng \u1ed3n v\u00e0 t\u1eafc ngh\u1ebdn c\u1ee7a khe m\u00e1y v\u00e0 trong s\u1ef1 tho\u1ea3i m\u00e1i c\u1ee7a c\u01a1 s\u1edf kh\u00f4ng kh\u00f3i thu\u1ed1c c\u1ee7a ch\u00fang t\u00f4i. V\u1edbi nhi\u1ec1u h\u00e0nh \u0111\u1ed9ng v\u00e0 s\u1ef1 tinh t\u1ebf c\u1ee7a ch\u1ea5t l\u01b0\u1ee3ng d\u1ecbch v\u1ee5 VIP, Parkwest Casino Cordova gi\u1edbi thi\u1ec7u m\u1ed9t ti\u00eau chu\u1ea9n m\u1edbi \u0111\u1ec3 ch\u01a1i game cao c\u1ea5p. S\u1ee9 m\u1ec7nh c\u1ee7a ch\u00fang t\u00f4i l\u00e0 cung c\u1ea5p m\u1ed9t tr\u00f2 ch\u01a1i v\u00e0 \u0103n u\u1ed1ng ph\u00f9 h\u1ee3p kinh nghi\u1ec7m t\u1eadp trung v\u00e0o d\u1ecbch v\u1ee5 kh\u00e1ch h\u00e0ng trong m\u1ed9t m\u00f4i tr\u01b0\u1eddng th\u00e2n thi\u1ec7n, an to\u00e0n, v\u00e0 nguy\u00ean s\u01a1.<\/p>","protected":false},"excerpt":{"rendered":"<p>V\u1edbi m\u1ed9t phong c\u00e1ch trang tr\u00ed th\u1eddi trang, nh\u00e0 n\u01b0\u1edbc c\u1ee7a c\u00e1c c\u01a1 s\u1edf ngh\u1ec7 thu\u1eadt, v\u00e0 c\u00e1c tr\u00f2 ch\u01a1i cao c\u1ea5p, Parkwest Casino Cordova ch\u1ee5p s\u1ef1 suy \u0111\u1ed3i c\u1ee7a game Las Vegas trong khu v\u1ef1c Sacramento. Parkwest Casino Cordova cung c\u1ea5p Kh\u00f4ng Ph\u00ed Ch\u01a1i game tr\u00f2 ch\u01a1i California ph\u1ed5 bi\u1ebfn bao g\u1ed3m Baccarat, Blackjack, [&hellip;]<\/p>\n","protected":false},"author":1,"featured_media":0,"parent":0,"menu_order":0,"comment_status":"closed","ping_status":"closed","template":"","meta":{"_mi_skip_tracking":false,"_monsterinsights_sitenote_active":false,"_monsterinsights_sitenote_note":"","_monsterinsights_sitenote_category":0},"_links":{"self":[{"href":"https:\/\/parkwestcasinocordova.com\/vi\/wp-json\/wp\/v2\/pages\/12"}],"collection":[{"href":"https:\/\/parkwestcasinocordova.com\/vi\/wp-json\/wp\/v2\/pages"}],"about":[{"href":"https:\/\/parkwestcasinocordova.com\/vi\/wp-json\/wp\/v2\/types\/page"}],"author":[{"embeddable":true,"href":"https:\/\/parkwestcasinocordova.com\/vi\/wp-json\/wp\/v2\/users\/1"}],"replies":[{"embeddable":true,"href":"https:\/\/parkwestcasinocordova.com\/vi\/wp-json\/wp\/v2\/comments?post=12"}],"version-history":[{"count":9,"href":"https:\/\/parkwestcasinocordova.com\/vi\/wp-json\/wp\/v2\/pages\/12\/revisions"}],"predecessor-version":[{"id":671,"href":"https:\/\/parkwestcasinocordova.com\/vi\/wp-json\/wp\/v2\/pages\/12\/revisions\/671"}],"wp:attachment":[{"href":"https:\/\/parkwestcasinocordova.com\/vi\/wp-json\/wp\/v2\/media?parent=12"}],"curies":[{"name":"wp","href":"https:\/\/api.w.org\/{rel}","templated":true}]}}